{"id":5404,"date":"2020-01-06T14:32:17","date_gmt":"2020-01-06T14:32:17","guid":{"rendered":"https:\/\/promyk.nowotarski.org.pl\/_wordpress\/?page_id=5404"},"modified":"2020-01-06T14:49:44","modified_gmt":"2020-01-06T14:49:44","slug":"promyk-pracownia-plastyczna","status":"publish","type":"page","link":"https:\/\/promyk.nowotarski.org.pl\/_wordpress\/pracownie-w-sds-promyk\/promyk-pracownia-plastyczna\/","title":{"rendered":"Promyk &#8211; Pracownia plastyczna"},"content":{"rendered":"<p style=\"text-align: justify;\"><a href=\"https:\/\/promyk.nowotarski.org.pl\/_wordpress\/wp-content\/uploads\/2020\/01\/promyk-plastyczna-1.jpg\" rel=\"lightbox[5404]\"><img loading=\"lazy\" decoding=\"async\" class=\"alignleft wp-image-5405\" src=\"https:\/\/promyk.nowotarski.org.pl\/_wordpress\/wp-content\/uploads\/2020\/01\/promyk-plastyczna-1-300x225.jpg\" alt=\"\u015aDS Promyk - Pracownia plastyczna\" width=\"220\" height=\"165\" srcset=\"https:\/\/promyk.nowotarski.org.pl\/_wordpress\/wp-content\/uploads\/2020\/01\/promyk-plastyczna-1-300x225.jpg 300w, https:\/\/promyk.nowotarski.org.pl\/_wordpress\/wp-content\/uploads\/2020\/01\/promyk-plastyczna-1-768x576.jpg 768w, https:\/\/promyk.nowotarski.org.pl\/_wordpress\/wp-content\/uploads\/2020\/01\/promyk-plastyczna-1.jpg 800w\" sizes=\"auto, (max-width: 220px) 100vw, 220px\" \/><\/a>Zaj\u0119cia prowadzone w pracowni plastycznej s\u0105 jedn\u0105 z tych form terapii, w trakcie kt\u00f3rej uczestnicy mog\u0105 odkrywa\u0107 i rozwija\u0107 swoje zdolno\u015bci plastyczne i manualne. Pracownia wyposa\u017cona jest w materia\u0142y i pomoce niezb\u0119dne do wykonywania zamierzonych prac. Zaj\u0119cia odbywaj\u0105 si\u0119 w grupach kilkuosobowych oraz indywidualnie. Podejmowane s\u0105 r\u00f3\u017cnorodne formy i metody pracy z uczestnikami, zgodne z ich indywidualnym programem rehabilitacji. Zastosowanie ich pozwala usprawnia\u0107 funkcje manualne, poprawia\u0107 koordynacj\u0119 wzrokowo-ruchow\u0105, wzmaga\u0107 koncentracj\u0119, relaksowa\u0107 i uwra\u017cliwia\u0107 na sztuk\u0119.<\/p>\n<p style=\"text-align: justify;\">W trakcie zaj\u0119\u0107, ka\u017cdy z uczestnik\u00f3w ma decyduj\u0105cy wp\u0142yw na przebieg, tempo pracy i kolejno\u015b\u0107 wykonywanych czynno\u015bci. Malowanie, rysowanie, czy ka\u017cda inna forma plastycznej wypowiedzi mo\u017ce r\u00f3wnie\u017c s\u0142u\u017cy\u0107 uwolnieniu emocji (tak\u017ce negatywnych), pom\u00f3c w wyra\u017ceniu w\u0142asnej odmienno\u015bci bez obaw przed byciem nieakceptowanym oraz zaakceptowa\u0107 odmienno\u015b\u0107 innych. Jest to szczeg\u00f3lnie wa\u017cne w pracy z osobami, kt\u00f3re niejednokrotnie maj\u0105 trudno\u015bci w opisywaniu s\u0142owami swoich prze\u017cy\u0107, maj\u0105 trudno\u015bci w nawi\u0105zywaniu kontakt\u00f3w z innym osobami.<\/p>\n<p style=\"text-align: justify;\"><a href=\"https:\/\/promyk.nowotarski.org.pl\/_wordpress\/wp-content\/uploads\/2020\/01\/promyk-plastyczna-2.jpg\" rel=\"lightbox[5404]\"><img loading=\"lazy\" decoding=\"async\" class=\"alignright wp-image-5406\" src=\"https:\/\/promyk.nowotarski.org.pl\/_wordpress\/wp-content\/uploads\/2020\/01\/promyk-plastyczna-2-225x300.jpg\" alt=\"\u015aDS Promyk - Pracownia plastyczna\" width=\"150\" height=\"200\" srcset=\"https:\/\/promyk.nowotarski.org.pl\/_wordpress\/wp-content\/uploads\/2020\/01\/promyk-plastyczna-2-225x300.jpg 225w, https:\/\/promyk.nowotarski.org.pl\/_wordpress\/wp-content\/uploads\/2020\/01\/promyk-plastyczna-2.jpg 413w\" sizes=\"auto, (max-width: 150px) 100vw, 150px\" \/><\/a><\/p>\n<p>&nbsp;<\/p>\n<p style=\"text-align: justify;\">Uczestnicy zaj\u0119\u0107 poznaj\u0105 nast\u0119puj\u0105ce formy plastyczne:<br \/>\n\u2022 Rysunek o\u0142\u00f3wkiem, o\u0142\u00f3wkami kolorowymi, w\u0119glem, pastelami suchymi i olejnymi, tuszem.<br \/>\n\u2022 Malarstwo farbami akrylowymi, plakatowymi, farbami akwarelowymi i temperami (na kartonie, szkle i desce)<br \/>\n\u2022 Papieroplastyka &#8211; kartki okoliczno\u015bciowe, mozaika papierowa, frota\u017c<\/p>\n<p>R\u00f3\u017cnorodno\u015b\u0107 form plastycznych ma zach\u0119ci\u0107 do samodzielnej i tw\u00f3rczej aktywno\u015bci przy wykorzystaniu zdolno\u015bci oraz potencjalnych mo\u017cliwo\u015bci uczestnik\u00f3w<\/p>\n<p>Pracowni\u0105 opiekuje si\u0119 i zaj\u0119cia prowadzi Katarzyna D\u0105bek.<\/p>\n","protected":false},"excerpt":{"rendered":"<p>Zaj\u0119cia prowadzone w pracowni plastycznej s\u0105 jedn\u0105 z tych form terapii, w trakcie kt\u00f3rej uczestnicy [&hellip;]<\/p>\n","protected":false},"author":1,"featured_media":0,"parent":5384,"menu_order":0,"comment_status":"closed","ping_status":"closed","template":"","meta":{"footnotes":""},"class_list":["post-5404","page","type-page","status-publish","hentry"],"_links":{"self":[{"href":"https:\/\/promyk.nowotarski.org.pl\/_wordpress\/wp-json\/wp\/v2\/pages\/5404","targetHints":{"allow":["GET"]}}],"collection":[{"href":"https:\/\/promyk.nowotarski.org.pl\/_wordpress\/wp-json\/wp\/v2\/pages"}],"about":[{"href":"https:\/\/promyk.nowotarski.org.pl\/_wordpress\/wp-json\/wp\/v2\/types\/page"}],"author":[{"embeddable":true,"href":"https:\/\/promyk.nowotarski.org.pl\/_wordpress\/wp-json\/wp\/v2\/users\/1"}],"replies":[{"embeddable":true,"href":"https:\/\/promyk.nowotarski.org.pl\/_wordpress\/wp-json\/wp\/v2\/comments?post=5404"}],"version-history":[{"count":3,"href":"https:\/\/promyk.nowotarski.org.pl\/_wordpress\/wp-json\/wp\/v2\/pages\/5404\/revisions"}],"predecessor-version":[{"id":5409,"href":"https:\/\/promyk.nowotarski.org.pl\/_wordpress\/wp-json\/wp\/v2\/pages\/5404\/revisions\/5409"}],"up":[{"embeddable":true,"href":"https:\/\/promyk.nowotarski.org.pl\/_wordpress\/wp-json\/wp\/v2\/pages\/5384"}],"wp:attachment":[{"href":"https:\/\/promyk.nowotarski.org.pl\/_wordpress\/wp-json\/wp\/v2\/media?parent=5404"}],"curies":[{"name":"wp","href":"https:\/\/api.w.org\/{rel}","templated":true}]}}