{"id":5462,"date":"2020-01-06T14:54:19","date_gmt":"2020-01-06T14:54:19","guid":{"rendered":"https:\/\/promyk.nowotarski.org.pl\/_wordpress\/?page_id=5462"},"modified":"2024-03-13T10:10:20","modified_gmt":"2024-03-13T10:10:20","slug":"sds-radosc-zycia-kontakt","status":"publish","type":"page","link":"https:\/\/promyk.nowotarski.org.pl\/_wordpress\/sds-radosc-zycia-kontakt\/","title":{"rendered":"Rado\u015b\u0107 \u017bycia &#8211; Kontakt"},"content":{"rendered":"<h2 class=\"art-PostHeaderIcon-wrapper\"><span class=\"art-PostHeader\">\u015arodowiskowy Dom Samopomocy &#8222;Rado\u015b\u0107 \u017bycia&#8221;<\/span><\/h2>\n<p><img loading=\"lazy\" decoding=\"async\" class=\"alignright size-full wp-image-5333\" src=\"https:\/\/promyk.nowotarski.org.pl\/_wordpress\/wp-content\/uploads\/2020\/01\/info-radosc-mapa.jpg\" alt=\"\" width=\"530\" height=\"330\" srcset=\"https:\/\/promyk.nowotarski.org.pl\/_wordpress\/wp-content\/uploads\/2020\/01\/info-radosc-mapa.jpg 530w, https:\/\/promyk.nowotarski.org.pl\/_wordpress\/wp-content\/uploads\/2020\/01\/info-radosc-mapa-300x187.jpg 300w\" sizes=\"auto, (max-width: 530px) 100vw, 530px\" \/><\/p>\n<p>&nbsp;<\/p>\n<p>&nbsp;<\/p>\n<p><strong>Nasz adre<\/strong><strong>s:<\/strong><\/p>\n<p>ul. S\u0142owackiego 2<\/p>\n<p>34-700 Rabka-Zdr\u00f3j<\/p>\n<p>&nbsp;<\/p>\n<p>(18) 26 77 872<\/p>\n<p>&nbsp;<\/p>\n<p>sds@promyk.nowotarski.org.pl<\/p>\n","protected":false},"excerpt":{"rendered":"<p>\u015arodowiskowy Dom Samopomocy &#8222;Rado\u015b\u0107 \u017bycia&#8221; &nbsp; &nbsp; Nasz adres: ul. S\u0142owackiego 2 34-700 Rabka-Zdr\u00f3j &nbsp; [&hellip;]<\/p>\n","protected":false},"author":1,"featured_media":0,"parent":0,"menu_order":0,"comment_status":"closed","ping_status":"closed","template":"","meta":{"footnotes":""},"class_list":["post-5462","page","type-page","status-publish","hentry"],"_links":{"self":[{"href":"https:\/\/promyk.nowotarski.org.pl\/_wordpress\/wp-json\/wp\/v2\/pages\/5462","targetHints":{"allow":["GET"]}}],"collection":[{"href":"https:\/\/promyk.nowotarski.org.pl\/_wordpress\/wp-json\/wp\/v2\/pages"}],"about":[{"href":"https:\/\/promyk.nowotarski.org.pl\/_wordpress\/wp-json\/wp\/v2\/types\/page"}],"author":[{"embeddable":true,"href":"https:\/\/promyk.nowotarski.org.pl\/_wordpress\/wp-json\/wp\/v2\/users\/1"}],"replies":[{"embeddable":true,"href":"https:\/\/promyk.nowotarski.org.pl\/_wordpress\/wp-json\/wp\/v2\/comments?post=5462"}],"version-history":[{"count":3,"href":"https:\/\/promyk.nowotarski.org.pl\/_wordpress\/wp-json\/wp\/v2\/pages\/5462\/revisions"}],"predecessor-version":[{"id":7550,"href":"https:\/\/promyk.nowotarski.org.pl\/_wordpress\/wp-json\/wp\/v2\/pages\/5462\/revisions\/7550"}],"wp:attachment":[{"href":"https:\/\/promyk.nowotarski.org.pl\/_wordpress\/wp-json\/wp\/v2\/media?parent=5462"}],"curies":[{"name":"wp","href":"https:\/\/api.w.org\/{rel}","templated":true}]}}