{"id":5479,"date":"2020-01-06T15:45:43","date_gmt":"2020-01-06T15:45:43","guid":{"rendered":"https:\/\/promyk.nowotarski.org.pl\/_wordpress\/?page_id=5479"},"modified":"2020-01-06T15:46:49","modified_gmt":"2020-01-06T15:46:49","slug":"radosc-zycia-pracownia-kulinarna","status":"publish","type":"page","link":"https:\/\/promyk.nowotarski.org.pl\/_wordpress\/pracownie-w-sds-radosc-zycia\/radosc-zycia-pracownia-kulinarna\/","title":{"rendered":"Rado\u015b\u0107 \u017cycia &#8211; Pracownia kulinarna"},"content":{"rendered":"<p style=\"text-align: justify;\">G\u0142\u00f3wnym celem zaj\u0119\u0107 jest nabywanie, podtrzymywanie i doskonalenie umiej\u0119tno\u015bci wykonywania czynno\u015bci przydatnych w \u017cyciu codziennym takich jak: wyb\u00f3r i zakup produkt\u00f3w spo\u017cywczych, przygotowywanie prostych posi\u0142k\u00f3w, gotowanie \u2013 czynno\u015bci umo\u017cliwiaj\u0105cych zaspokajanie podstawowych potrzeb \u017cyciowych.<\/p>\n<p style=\"text-align: justify;\">Zaj\u0119cia prowadzone s\u0105 g\u0142\u00f3wnie w kuchni wyposa\u017conej w niezb\u0119dny sprz\u0119t AGD.<\/p>\n<p style=\"text-align: center;\"><a href=\"https:\/\/promyk.nowotarski.org.pl\/_wordpress\/wp-content\/uploads\/2020\/01\/rabka-kulinarna-1.jpg\" rel=\"lightbox[5479]\"><img loading=\"lazy\" decoding=\"async\" class=\"aligncenter wp-image-5480\" src=\"https:\/\/promyk.nowotarski.org.pl\/_wordpress\/wp-content\/uploads\/2020\/01\/rabka-kulinarna-1.jpg\" alt=\"\u015aDS Rado\u015b\u0107 \u017cycia - Pracownia kulinarna\" width=\"700\" height=\"311\" srcset=\"https:\/\/promyk.nowotarski.org.pl\/_wordpress\/wp-content\/uploads\/2020\/01\/rabka-kulinarna-1.jpg 900w, https:\/\/promyk.nowotarski.org.pl\/_wordpress\/wp-content\/uploads\/2020\/01\/rabka-kulinarna-1-300x133.jpg 300w, https:\/\/promyk.nowotarski.org.pl\/_wordpress\/wp-content\/uploads\/2020\/01\/rabka-kulinarna-1-768x341.jpg 768w\" sizes=\"auto, (max-width: 700px) 100vw, 700px\" \/><\/a><\/p>\n<p style=\"text-align: justify;\">W pracowni kulinarnej uczestnicy:<\/p>\n<p style=\"text-align: justify;\"><img decoding=\"async\" src=\"https:\/\/promyk.nowotarski.org.pl\/images\/PostBullets.png\" \/> \u00a0poznaj\u0105 zasady higieny osobistej<\/p>\n<p style=\"text-align: justify;\"><img decoding=\"async\" src=\"https:\/\/promyk.nowotarski.org.pl\/images\/PostBullets.png\" \/> \u00a0wyrabiaj\u0105 nawyk zak\u0142adania odzie\u017cy ochronnej<\/p>\n<p style=\"text-align: justify;\"><img decoding=\"async\" src=\"https:\/\/promyk.nowotarski.org.pl\/images\/PostBullets.png\" \/> \u00a0ucz\u0105 si\u0119 utrzymywania w czysto\u015bci jadalni i pracowni oraz naczy\u0144 i urz\u0105dze\u0144 AGD<\/p>\n<p style=\"text-align: justify;\"><img decoding=\"async\" src=\"https:\/\/promyk.nowotarski.org.pl\/images\/PostBullets.png\" \/> \u00a0organizuj\u0105 zakupy, planuj\u0105 wydatki, przygotowuj\u0105 menu<\/p>\n<p style=\"text-align: justify;\"><img decoding=\"async\" src=\"https:\/\/promyk.nowotarski.org.pl\/images\/PostBullets.png\" \/> \u00a0nabywaj\u0105 umiej\u0119tno\u015bci korzystania z przepis\u00f3w kulinarnych<\/p>\n<p style=\"text-align: justify;\"><img decoding=\"async\" src=\"https:\/\/promyk.nowotarski.org.pl\/images\/PostBullets.png\" \/> \u00a0poznaj\u0105 zasady racjonalnego od\u017cywiania si\u0119<\/p>\n<p style=\"text-align: justify;\"><img decoding=\"async\" src=\"https:\/\/promyk.nowotarski.org.pl\/images\/PostBullets.png\" \/> \u00a0ucz\u0105 si\u0119 wst\u0119pnej obr\u00f3bki produkt\u00f3w tj. mycie i obieranie warzyw, owoc\u00f3w<\/p>\n<p style=\"text-align: justify;\"><img decoding=\"async\" src=\"https:\/\/promyk.nowotarski.org.pl\/images\/PostBullets.png\" \/> \u00a0poznaj\u0105 sposoby parzenia kawy, herbaty, sporz\u0105dzania potraw i prostych da\u0144<\/p>\n<p style=\"text-align: justify;\"><img decoding=\"async\" src=\"https:\/\/promyk.nowotarski.org.pl\/images\/PostBullets.png\" \/> \u00a0ucz\u0105 si\u0119 przygotowania posi\u0142k\u00f3w na specjalne okazje np. z okazji urodzin, \u015bwi\u0105t co zazwyczaj poprzedzone jest poznawaniem tradycji kultywowanych obrz\u0119d\u00f3w<\/p>\n<p style=\"text-align: justify;\"><img decoding=\"async\" src=\"https:\/\/promyk.nowotarski.org.pl\/images\/PostBullets.png\" \/> \u00a0ucz\u0105 si\u0119 estetycznego nakrywania do sto\u0142u, dekoracji potraw oraz zasad zachowania si\u0119 przy stole podczas spo\u017cywania posi\u0142ku<\/p>\n<p style=\"text-align: justify;\"><img decoding=\"async\" src=\"https:\/\/promyk.nowotarski.org.pl\/images\/PostBullets.png\" \/> \u00a0nabywaj\u0105 i utrwalaj\u0105 umiej\u0119tno\u015bci bezpiecznego pos\u0142ugiwania si\u0119 sprz\u0119tem AGD<\/p>\n<p style=\"text-align: justify;\"><img decoding=\"async\" src=\"https:\/\/promyk.nowotarski.org.pl\/images\/PostBullets.png\" \/> \u00a0zapoznaj\u0105 si\u0119 z zasadami prawid\u0142owego przechowywania \u017cywno\u015bci<\/p>\n<p style=\"text-align: justify;\"><img decoding=\"async\" src=\"https:\/\/promyk.nowotarski.org.pl\/images\/PostBullets.png\" \/>\u00a0\u00a0rozwijaj\u0105 umiej\u0119tno\u015b\u0107 wzajemnej wsp\u00f3\u0142pracy i wzajemnej pomocy.<\/p>\n<p style=\"text-align: justify;\">Samodzielnie wykonywane posi\u0142ki, wsp\u00f3lna konsumpcja pozytywnie wp\u0142ywaj\u0105 na samopoczucie uczestnik\u00f3w \u2013 s\u0105 \u017ar\u00f3d\u0142em satysfakcji, podnosz\u0105 poczucie w\u0142asnej warto\u015bci, wzmacniaj\u0105 wiar\u0119 we w\u0142asne mo\u017cliwo\u015bci. Ponadto ucz\u0105 odpowiedzialno\u015bci i zaradno\u015bci \u017cyciowej oraz wsp\u00f3\u0142dzia\u0142ania w grupie.<\/p>\n","protected":false},"excerpt":{"rendered":"<p>G\u0142\u00f3wnym celem zaj\u0119\u0107 jest nabywanie, podtrzymywanie i doskonalenie umiej\u0119tno\u015bci wykonywania czynno\u015bci przydatnych w \u017cyciu codziennym [&hellip;]<\/p>\n","protected":false},"author":1,"featured_media":0,"parent":5477,"menu_order":0,"comment_status":"closed","ping_status":"closed","template":"","meta":{"footnotes":""},"class_list":["post-5479","page","type-page","status-publish","hentry"],"_links":{"self":[{"href":"https:\/\/promyk.nowotarski.org.pl\/_wordpress\/wp-json\/wp\/v2\/pages\/5479","targetHints":{"allow":["GET"]}}],"collection":[{"href":"https:\/\/promyk.nowotarski.org.pl\/_wordpress\/wp-json\/wp\/v2\/pages"}],"about":[{"href":"https:\/\/promyk.nowotarski.org.pl\/_wordpress\/wp-json\/wp\/v2\/types\/page"}],"author":[{"embeddable":true,"href":"https:\/\/promyk.nowotarski.org.pl\/_wordpress\/wp-json\/wp\/v2\/users\/1"}],"replies":[{"embeddable":true,"href":"https:\/\/promyk.nowotarski.org.pl\/_wordpress\/wp-json\/wp\/v2\/comments?post=5479"}],"version-history":[{"count":4,"href":"https:\/\/promyk.nowotarski.org.pl\/_wordpress\/wp-json\/wp\/v2\/pages\/5479\/revisions"}],"predecessor-version":[{"id":5484,"href":"https:\/\/promyk.nowotarski.org.pl\/_wordpress\/wp-json\/wp\/v2\/pages\/5479\/revisions\/5484"}],"up":[{"embeddable":true,"href":"https:\/\/promyk.nowotarski.org.pl\/_wordpress\/wp-json\/wp\/v2\/pages\/5477"}],"wp:attachment":[{"href":"https:\/\/promyk.nowotarski.org.pl\/_wordpress\/wp-json\/wp\/v2\/media?parent=5479"}],"curies":[{"name":"wp","href":"https:\/\/api.w.org\/{rel}","templated":true}]}}