{"id":5545,"date":"2020-01-06T16:48:34","date_gmt":"2020-01-06T16:48:34","guid":{"rendered":"https:\/\/promyk.nowotarski.org.pl\/_wordpress\/?page_id=5545"},"modified":"2020-01-06T21:35:21","modified_gmt":"2020-01-06T21:35:21","slug":"srodowiskowy-dom-samopomocy","status":"publish","type":"page","link":"https:\/\/promyk.nowotarski.org.pl\/_wordpress\/","title":{"rendered":"Strona g\u0142\u00f3wna"},"content":{"rendered":"<p style=\"text-align: justify;\">Witamy w oficjalnym serwisie internetowym \u015arodowiskowego Domu Samopomocy &#8222;Promyk&#8221; w Nowym Targu! Strona ta po\u015bwi\u0119cona jest tak\u017ce naszej filii &#8222;Rado\u015bci \u017bycia&#8221; w Rabce-Zdroju.<\/p>\n<p style=\"text-align: justify;\">Chocia\u017c w Internecie istniejemy od niedawna, nasz dom po raz pierwszy swoje drzwi dla Uczestnik\u00f3w otworzy\u0142 w 2001 roku, gdy powsta\u0142 nowotarski &#8222;Promyk&#8221;. Kilka lat p\u00f3\u017aniej, w 2007 roku, uda\u0142o si\u0119 otworzy\u0107 fili\u0119 w Rabce-Zdroju &#8211; &#8222;Rado\u015b\u0107 \u017bycia&#8221;. Wi\u0119cej na temat historii obu Dom\u00f3w mo\u017cna przeczyta\u0107 w zak\u0142adkach Historia.<\/p>\n<p style=\"text-align: justify;\">Serdecznie zapraszamy do zapoznania si\u0119 z informacjami dotycz\u0105cymi obu dom\u00f3w, nasz\u0105 ofert\u0105 oraz zaj\u0119ciami, kt\u00f3re prowadzimy. \u017bycie naszych dom\u00f3w jest pe\u0142ne wa\u017cnych i ciekawych wydarze\u0144, nie tylko dla naszych Uczestnik\u00f3w i pracownik\u00f3w, ale tak\u017ce dla lokalnej spo\u0142eczno\u015bci. Za po\u015brednictwem naszej strony internetowej chcemy si\u0119 tym podzieli\u0107 z innymi. W razie jakichkolwiek pyta\u0144 prosimy o kontakt, ch\u0119tnie przyjmiemy nowych &#8222;domownik\u00f3w&#8221;.\u00a0<img decoding=\"async\" src=\"https:\/\/promyk.nowotarski.org.pl\/images\/usmiech.gif\" \/><\/p>\n<p>&nbsp;<\/p>\n<div class=\"art-Post\">\n<div class=\"art-Post-body\">\n<div class=\"art-Post-inner\">\n<h1 class=\"art-PostHeaderIcon-wrapper\" style=\"text-align: center;\"><span class=\"art-PostHeader\">Czym jest \u015arodowiskowy Dom Samopomocy?<\/span><\/h1>\n<div class=\"art-PostContent\">\n<p style=\"text-align: justify;\">\u015arodowiskowy Dom Samopomocy jest profesjonaln\u0105 plac\u00f3wk\u0105 dziennego pobytu dla os\u00f3b po kryzysie psychicznym. Podstawowym zadaniem domu jest przede wszystkim, podtrzymywanie i rozwijanie umiej\u0119tno\u015bci, os\u00f3b uczestnicz\u0105cych w zaj\u0119ciach, niezb\u0119dnych do samodzielnego \u017cycia.<\/p>\n<p class=\"art-PostHeaderIcon-wrapper\" style=\"text-align: justify;\" data-wp-editing=\"1\"><img loading=\"lazy\" decoding=\"async\" src=\"https:\/\/promyk.nowotarski.org.pl\/images\/PostHeaderIcon.png\" alt=\"PostHeaderIcon\" width=\"20\" height=\"20\" \/>\u00a0<span style=\"color: #53851e;\"><strong>\u015aRODOWISKOWY<\/strong><\/span> czyli zlokalizowany i ograniczony swoim dzia\u0142aniem do terenu danej spo\u0142eczno\u015bci i wspomagany przez ludzi, kt\u00f3rzy t\u0119 spo\u0142eczno\u015b\u0107 tworz\u0105<\/p>\n<p style=\"text-align: justify;\"><span style=\"color: #53851e;\"><strong><img loading=\"lazy\" decoding=\"async\" src=\"https:\/\/promyk.nowotarski.org.pl\/images\/PostHeaderIcon.png\" alt=\"PostHeaderIcon\" width=\"20\" height=\"20\" \/>\u00a0DOM<\/strong><\/span> czyli miejsce \u017cyczliwe, przyjazne, zawsze gotowe przyj\u0105\u0107, daj\u0105ce wsparcie<\/p>\n<p style=\"text-align: justify;\"><span style=\"color: #53851e;\"><strong><img loading=\"lazy\" decoding=\"async\" src=\"https:\/\/promyk.nowotarski.org.pl\/images\/PostHeaderIcon.png\" alt=\"PostHeaderIcon\" width=\"20\" height=\"20\" \/>\u00a0SAMOPOMOCY<\/strong><\/span> czyli staraj\u0105cy si\u0119 rozwija\u0107 na swoim terenie i wspiera\u0107 w swoim otoczeniu formy aktywno\u015bci spe\u0142niaj\u0105ce warunki grup samopomocy, oraz wyrabiaj\u0105ce w uczestnikach umiej\u0119tno\u015bci samopomocy<\/p>\n<p style=\"text-align: justify;\"><small><i>(Andrzej Juros, Definicja \u015aDS. INFORMATOR Og\u00f3lnopolskiego Stowarzyszenia Pracownik\u00f3w \u015arodowiskowych Dom\u00f3w Samopomocy i Sympatyk\u00f3w Dzia\u0142alno\u015bci Dom\u00f3w NASZ DOM, Nr1\/2002(1) Kwiecie\u0144 2002, s.1)<\/i><\/small><\/p>\n<\/div>\n<div class=\"art-PostContent\"><center>\u00a0 <img loading=\"lazy\" decoding=\"async\" class=\"aligncenter size-full wp-image-6084\" src=\"https:\/\/promyk.nowotarski.org.pl\/_wordpress\/wp-content\/uploads\/2020\/01\/sds-promyk-radosc.jpg\" alt=\"\" width=\"437\" height=\"213\" srcset=\"https:\/\/promyk.nowotarski.org.pl\/_wordpress\/wp-content\/uploads\/2020\/01\/sds-promyk-radosc.jpg 437w, https:\/\/promyk.nowotarski.org.pl\/_wordpress\/wp-content\/uploads\/2020\/01\/sds-promyk-radosc-300x146.jpg 300w\" sizes=\"auto, (max-width: 437px) 100vw, 437px\" \/><\/center><center>\u00a0<\/center><\/p>\n<blockquote>\n<p style=\"text-align: justify;\"><b>Informacja o prawach autorskich!<\/b><br \/>\nWszelkie informacje oraz fotografie zawarte na stronie internetowej \u015aDS &#8222;Promyk&#8221; i &#8222;Rado\u015b\u0107 \u017cycia&#8221; s\u0105 publikowane tylko i wy\u0142\u0105cznie w celach informacyjnych. Wszelkie prawa do zdj\u0119\u0107 oraz materia\u0142\u00f3w tekstowych s\u0105 zastrze\u017cone. Kopiowanie, powielanie oraz wykorzystywanie cz\u0119\u015bci lub ca\u0142o\u015bci jakichkolwiek tre\u015bci zamieszczonych na tej stronie internetowej i jej podstronach bez pisemnej zgody dyrektora \u015aDS &#8222;Promyk&#8221; jest surowo zabronione.<br \/>\nZgodnie z ustaw\u0105 o prawach autorskich i prawach pokrewnych, kto bez uprawnienia albo wbrew jego warunkom rozpowszechnia cudzy utw\u00f3r w wersji oryginalnej albo w postaci zmodyfikowanej, podlega grzywnie, karze ograniczenia wolno\u015bci albo pozbawienia wolno\u015bci.<\/p>\n<\/blockquote>\n<\/div>\n<\/div>\n<\/div>\n<\/div>\n","protected":false},"excerpt":{"rendered":"<p>Witamy w oficjalnym serwisie internetowym \u015arodowiskowego Domu Samopomocy &#8222;Promyk&#8221; w Nowym Targu! Strona ta po\u015bwi\u0119cona [&hellip;]<\/p>\n","protected":false},"author":1,"featured_media":0,"parent":0,"menu_order":0,"comment_status":"closed","ping_status":"closed","template":"","meta":{"footnotes":""},"class_list":["post-5545","page","type-page","status-publish","hentry"],"_links":{"self":[{"href":"https:\/\/promyk.nowotarski.org.pl\/_wordpress\/wp-json\/wp\/v2\/pages\/5545","targetHints":{"allow":["GET"]}}],"collection":[{"href":"https:\/\/promyk.nowotarski.org.pl\/_wordpress\/wp-json\/wp\/v2\/pages"}],"about":[{"href":"https:\/\/promyk.nowotarski.org.pl\/_wordpress\/wp-json\/wp\/v2\/types\/page"}],"author":[{"embeddable":true,"href":"https:\/\/promyk.nowotarski.org.pl\/_wordpress\/wp-json\/wp\/v2\/users\/1"}],"replies":[{"embeddable":true,"href":"https:\/\/promyk.nowotarski.org.pl\/_wordpress\/wp-json\/wp\/v2\/comments?post=5545"}],"version-history":[{"count":12,"href":"https:\/\/promyk.nowotarski.org.pl\/_wordpress\/wp-json\/wp\/v2\/pages\/5545\/revisions"}],"predecessor-version":[{"id":6094,"href":"https:\/\/promyk.nowotarski.org.pl\/_wordpress\/wp-json\/wp\/v2\/pages\/5545\/revisions\/6094"}],"wp:attachment":[{"href":"https:\/\/promyk.nowotarski.org.pl\/_wordpress\/wp-json\/wp\/v2\/media?parent=5545"}],"curies":[{"name":"wp","href":"https:\/\/api.w.org\/{rel}","templated":true}]}}